{"id":2603,"date":"2023-02-09T02:20:48","date_gmt":"2023-02-09T02:20:48","guid":{"rendered":"https:\/\/esteticaolgaguasch.com\/politica-de-privacidad\/"},"modified":"2023-03-23T17:49:52","modified_gmt":"2023-03-23T17:49:52","slug":"politica-de-privacidad","status":"publish","type":"page","link":"https:\/\/esteticaolgaguasch.com\/es\/politica-de-privacidad\/","title":{"rendered":"Pol\u00edtica de privacidad"},"content":{"rendered":"\t\t<div data-elementor-type=\"wp-page\" data-elementor-id=\"2603\" class=\"elementor elementor-2603 elementor-3\" data-elementor-post-type=\"page\">\n\t\t\t\t\t\t<section class=\"elementor-section elementor-top-section elementor-element elementor-element-3ccc0453 elementor-section-full_width elementor-section-height-min-height elementor-section-stretched elementor-section-height-default elementor-section-items-middle\" data-id=\"3ccc0453\" data-element_type=\"section\" data-settings=\"{&quot;stretch_section&quot;:&quot;section-stretched&quot;}\">\n\t\t\t\t\t\t\t<div class=\"elementor-background-overlay\"><\/div>\n\t\t\t\t\t\t\t<div class=\"elementor-container elementor-column-gap-default\">\n\t\t\t\t\t<div class=\"elementor-column elementor-col-100 elementor-top-column elementor-element elementor-element-571fef2f\" data-id=\"571fef2f\" data-element_type=\"column\">\n\t\t\t<div class=\"elementor-widget-wrap elementor-element-populated\">\n\t\t\t\t\t\t<div class=\"elementor-element elementor-element-514c2255 elementor-widget elementor-widget-text-editor\" data-id=\"514c2255\" data-element_type=\"widget\" data-widget_type=\"text-editor.default\">\n\t\t\t\t<div class=\"elementor-widget-container\">\n\t\t\t<style>\/*! elementor - v3.19.0 - 07-02-2024 *\/\n.elementor-widget-text-editor.elementor-drop-cap-view-stacked .elementor-drop-cap{background-color:#69727d;color:#fff}.elementor-widget-text-editor.elementor-drop-cap-view-framed .elementor-drop-cap{color:#69727d;border:3px solid;background-color:transparent}.elementor-widget-text-editor:not(.elementor-drop-cap-view-default) .elementor-drop-cap{margin-top:8px}.elementor-widget-text-editor:not(.elementor-drop-cap-view-default) .elementor-drop-cap-letter{width:1em;height:1em}.elementor-widget-text-editor .elementor-drop-cap{float:left;text-align:center;line-height:1;font-size:50px}.elementor-widget-text-editor .elementor-drop-cap-letter{display:inline-block}<\/style>\t\t\t\t<h1> Aviso Legal<\/h1>\n\t\t\t\t\t\t<\/div>\n\t\t\t\t<\/div>\n\t\t\t\t\t<\/div>\n\t\t<\/div>\n\t\t\t\t\t<\/div>\n\t\t<\/section>\n\t\t\t\t<section class=\"elementor-section elementor-top-section elementor-element elementor-element-717a78f2 elementor-section-boxed elementor-section-height-default elementor-section-height-default\" data-id=\"717a78f2\" data-element_type=\"section\">\n\t\t\t\t\t\t<div class=\"elementor-container elementor-column-gap-default\">\n\t\t\t\t\t<div class=\"elementor-column elementor-col-100 elementor-top-column elementor-element elementor-element-16c99fef\" data-id=\"16c99fef\" data-element_type=\"column\">\n\t\t\t<div class=\"elementor-widget-wrap elementor-element-populated\">\n\t\t\t\t\t\t<div class=\"elementor-element elementor-element-6807ded3 elementor-widget elementor-widget-text-editor\" data-id=\"6807ded3\" data-element_type=\"widget\" data-widget_type=\"text-editor.default\">\n\t\t\t\t<div class=\"elementor-widget-container\">\n\t\t\t\t\t\t\t\n<p>Pol\u00edtica de privacidad de Est\u00e9tica Olga Guasch C\/ Santa Clara, 8-10, entresuelo 08720 Vilafranca del Pened\u00e8s DNI 77312422S esteticaolgaguasch@yahoo.es.<\/p>\n\n\n\n<p>Esta Pol\u00edtica de privacidad describe c\u00f3mo se recopila, utiliza y comparte su informaci\u00f3n personal cuando visita o realiza una compra en https:\/\/esteticaolgaguasch.com\/ (denominado en lo sucesivo el \u201cSitio\u201d).<\/p>\n\n\n\n<h2>POL\u00cdTICA DE PRIVACIDAD<\/h2>\n\n\n\n<p>El presente Pol\u00edtica de Privacidad establece los t\u00e9rminos en que el Sitio usa y protege la informaci\u00f3n que proporciona los usuarios al momento de utilizar su sitio web. Esta compa\u00f1\u00eda est\u00e1 compromesa con la seguridad de las datos de sus usuarios. Cuando le pedimos llenar los campos de informaci\u00f3n personal con la que usted pueda ser identificado, lo hacemos asegurando que s\u00f3lo se emplear\u00e1 de acuerdo con los t\u00e9rminos de este documento. No obstante esta Pol\u00edtica de Privacidad puede cambiar con el tiempo o ser actualizada por lo que le recomendamos y enfatizamos revisar continuamente esta p\u00e1gina para asegurarse de que est\u00e1 de acuerdo con dichos cambios.<\/p>\n\n\n\n<h2>Informaci\u00f3n que se recoge<\/h2>\n\n\n\n<p>Nuestro sitio web podr\u00e1 recoger informaci\u00f3n personal por ejemplo: N\u00famero, informaci\u00f3n de contacto como su direcci\u00f3n de correo electr\u00f3nico e informaci\u00f3n demogr\u00e1fica. Asimismo cuando sea necesario podr\u00e1 ser requerida informaci\u00f3n espec\u00edfica para procesar alg\u00fan pedido o realizar una entrega o facturaci\u00f3n.<\/p>\n\n\n\n<h2>Uso de la informaci\u00f3n recogida<\/h2>\n\n\n\n<p>Nuestro sitio web utiliza la informaci\u00f3n con el fin de proporcionar el mejor servicio posible, particularmente para mantener un registro de usuarios, de pedidos en caso de que aplique, y mejorar nuestros productos y servicios. Es posible que sean enviados correos electr\u00f3nicos peri\u00f3dicamente a trav\u00e9s de nuestro sitio con ofertas especiales, nuevos productos y otra informaci\u00f3n publicitaria que consideremos relevante para usted o que pueda brindarle alg\u00fan<br>beneficio, estos correos electr\u00f3nicos ser\u00e1n enviados a la direcci\u00f3n que usted proporcione y podr\u00e1n ser cancelados en cualquier momento.<\/p>\n\n\n\n<p>El sitio est\u00e1 altamente comprometido para cumplir con el compromiso de mantener su informaci\u00f3n segura. Usamos los sistemas m\u00e1s avanzados y los actualizamos constantemente para asegurarnos de que no existe ning\u00fan acceso no autorizado.<\/p>\n\n\n\n<h2>Cookies<\/h2>\n\n\n\n<p>Una cookie se refiere a un archivo que se env\u00eda con la finalidad de solicitar permiso para almacenarse en su ordenador, al aceptar dicho archivo se crea y la cookie sirve entonces para tener informaci\u00f3n respecto al tr\u00e1fico web, y tambi\u00e9n facilita las futuras visitas a una web recurrente. Otra funci\u00f3n que tienen las cookies es que con ellas las web pueden reconocerte individualmente y por tanto brindarte el mejor servicio personalizado de su web.<\/p>\n\n\n\n<p>Nuestro sitio web utiliza las cookies para poder identificar las p\u00e1ginas que son visitadas y su frecuencia. Esta informaci\u00f3n es empleada \u00fanicamente para an\u00e1lisis estad\u00edstico y despu\u00e9s la informaci\u00f3n se elimina de forma permanente. Puede eliminar las cookies en cualquier momento desde su ordenador. No obstante las cookies ayudan a proporcionar un mejor servicio de los sitios web, estas no dan acceso a informaci\u00f3n de su ordenador ni de usted, a menos que usted as\u00ed lo quiera y la proporcione directamente. Usted puede aceptar o negar el uso de<br>cookies, sin embargo la mayor\u00eda de navegadoras aceptan cookies autom\u00e1ticamente pues sirve para tener un mejor servicio web. Tambi\u00e9n puede cambiar la configuraci\u00f3n de su ordenador para declinar las cookies. Si se declinan es posible que no pueda utilizar algunos de nuestros servicios.<\/p>\n\n\n\n<h2>Enlaces a terceros<\/h2>\n\n\n\n<p>Este sitio web pudiera contener en lazos a otros sitios que pudieran ser de su inter\u00e9s. Una vez que usted de clic en estos enlaces y abandone nuestra p\u00e1gina, ya no tenemos control sobre el sitio al que es redirigido y por tanto no somos responsables de los t\u00e9rminos o privacidad ni de la protecci\u00f3n de sus datos en estos otros sitios terceros. Dichos sitios est\u00e1n sujetos a sus propias pol\u00edticas de privacidad por lo que es recomanable que los consulte para confirmar que usted est\u00e1 de acuerdo con \u00e9stas.<\/p>\n\n\n\n<h2>Control de su informaci\u00f3n personal<\/h2>\n\n\n\n<p>En cualquier momento usted puede restringir la recopilaci\u00f3n o uso de la informaci\u00f3n personal que se proporciona en nuestro sitio web. Cada vez que se le solicite rellenar un formulario, como el de alta de usuario, puede marcar o desmarcar la opci\u00f3n de recibir informaci\u00f3n por correo electr\u00f3nico. En caso de que haya marcado la opci\u00f3n de recibir nuestro bolet\u00edn o publicidad usted puede cancelarla en cualquier momento.<\/p>\n\n\n\n<p>Esta compa\u00f1\u00eda no vendr\u00e1, ceder\u00e1 ni distribuir\u00e1 la informaci\u00f3n personal que se recopila sin su consentimiento, salvo que sea requerido por un juez con orden judicial.<\/p>\n\n\n\n<p>El sitio se reserva el derecho de cambiar los t\u00e9rminos de la presente Pol\u00edtica de Privacidad en cualquier momento.<\/p>\n\t\t\t\t\t\t<\/div>\n\t\t\t\t<\/div>\n\t\t\t\t\t<\/div>\n\t\t<\/div>\n\t\t\t\t\t<\/div>\n\t\t<\/section>\n\t\t\t\t<\/div>\n\t\t","protected":false},"excerpt":{"rendered":"<p>Aviso Legal Pol\u00edtica de privacidad de Est\u00e9tica Olga Guasch C\/ Santa Clara, 8-10, entresuelo 08720 Vilafranca del Pened\u00e8s DNI 77312422S esteticaolgaguasch@yahoo.es. Esta Pol\u00edtica de privacidad describe c\u00f3mo se recopila, utiliza y comparte su informaci\u00f3n personal cuando visita o realiza una compra en https:\/\/esteticaolgaguasch.com\/ (denominado en lo sucesivo el \u201cSitio\u201d). POL\u00cdTICA DE PRIVACIDAD El presente Pol\u00edtica [&hellip;]<\/p>\n","protected":false},"author":5,"featured_media":0,"parent":0,"menu_order":0,"comment_status":"closed","ping_status":"open","template":"","meta":{"footnotes":""},"folder":[],"class_list":["post-2603","page","type-page","status-publish","hentry"],"yoast_head":"<!-- This site is optimized with the Yoast SEO plugin v22.1 - https:\/\/yoast.com\/wordpress\/plugins\/seo\/ -->\n<title>Pol\u00edtica de privacidad - Est\u00e9tica Olga Guasch<\/title>\n<meta name=\"robots\" content=\"noindex, follow\" \/>\n<meta property=\"og:locale\" content=\"es_ES\" \/>\n<meta property=\"og:type\" content=\"article\" \/>\n<meta property=\"og:title\" content=\"Pol\u00edtica de privacidad - Est\u00e9tica Olga Guasch\" \/>\n<meta property=\"og:description\" content=\"Aviso Legal Pol\u00edtica de privacidad de Est\u00e9tica Olga Guasch C\/ Santa Clara, 8-10, entresuelo 08720 Vilafranca del Pened\u00e8s DNI 77312422S esteticaolgaguasch@yahoo.es. Esta Pol\u00edtica de privacidad describe c\u00f3mo se recopila, utiliza y comparte su informaci\u00f3n personal cuando visita o realiza una compra en https:\/\/esteticaolgaguasch.com\/ (denominado en lo sucesivo el \u201cSitio\u201d). POL\u00cdTICA DE PRIVACIDAD El presente Pol\u00edtica [&hellip;]\" \/>\n<meta property=\"og:url\" content=\"https:\/\/esteticaolgaguasch.com\/es\/politica-de-privacidad\/\" \/>\n<meta property=\"og:site_name\" content=\"Est\u00e9tica Olga Guasch\" \/>\n<meta property=\"article:modified_time\" content=\"2023-03-23T17:49:52+00:00\" \/>\n<meta name=\"twitter:card\" content=\"summary_large_image\" \/>\n<meta name=\"twitter:label1\" content=\"Tiempo de lectura\" \/>\n\t<meta name=\"twitter:data1\" content=\"4 minutos\" \/>\n<script type=\"application\/ld+json\" class=\"yoast-schema-graph\">{\"@context\":\"https:\/\/schema.org\",\"@graph\":[{\"@type\":\"WebPage\",\"@id\":\"https:\/\/esteticaolgaguasch.com\/es\/politica-de-privacidad\/\",\"url\":\"https:\/\/esteticaolgaguasch.com\/es\/politica-de-privacidad\/\",\"name\":\"Pol\u00edtica de privacidad - Est\u00e9tica Olga Guasch\",\"isPartOf\":{\"@id\":\"https:\/\/esteticaolgaguasch.com\/es\/#website\"},\"datePublished\":\"2023-02-09T02:20:48+00:00\",\"dateModified\":\"2023-03-23T17:49:52+00:00\",\"breadcrumb\":{\"@id\":\"https:\/\/esteticaolgaguasch.com\/es\/politica-de-privacidad\/#breadcrumb\"},\"inLanguage\":\"es\",\"potentialAction\":[{\"@type\":\"ReadAction\",\"target\":[\"https:\/\/esteticaolgaguasch.com\/es\/politica-de-privacidad\/\"]}]},{\"@type\":\"BreadcrumbList\",\"@id\":\"https:\/\/esteticaolgaguasch.com\/es\/politica-de-privacidad\/#breadcrumb\",\"itemListElement\":[{\"@type\":\"ListItem\",\"position\":1,\"name\":\"Home\",\"item\":\"https:\/\/esteticaolgaguasch.com\/es\/\"},{\"@type\":\"ListItem\",\"position\":2,\"name\":\"Pol\u00edtica de privacidad\"}]},{\"@type\":\"WebSite\",\"@id\":\"https:\/\/esteticaolgaguasch.com\/es\/#website\",\"url\":\"https:\/\/esteticaolgaguasch.com\/es\/\",\"name\":\"Est\u00e9tica Olga Guasch\",\"description\":\"Centro de Est\u00e9tica en Vilafranca\",\"publisher\":{\"@id\":\"https:\/\/esteticaolgaguasch.com\/es\/#organization\"},\"potentialAction\":[{\"@type\":\"SearchAction\",\"target\":{\"@type\":\"EntryPoint\",\"urlTemplate\":\"https:\/\/esteticaolgaguasch.com\/es\/?s={search_term_string}\"},\"query-input\":\"required name=search_term_string\"}],\"inLanguage\":\"es\"},{\"@type\":\"Organization\",\"@id\":\"https:\/\/esteticaolgaguasch.com\/es\/#organization\",\"name\":\"Est\u00e9tica Olga Guasch\",\"url\":\"https:\/\/esteticaolgaguasch.com\/es\/\",\"logo\":{\"@type\":\"ImageObject\",\"inLanguage\":\"es\",\"@id\":\"https:\/\/esteticaolgaguasch.com\/es\/#\/schema\/logo\/image\/\",\"url\":\"https:\/\/esteticaolgaguasch.com\/wp-content\/uploads\/2023\/02\/cropped-olga-logo.png\",\"contentUrl\":\"https:\/\/esteticaolgaguasch.com\/wp-content\/uploads\/2023\/02\/cropped-olga-logo.png\",\"width\":1252,\"height\":1135,\"caption\":\"Est\u00e9tica Olga Guasch\"},\"image\":{\"@id\":\"https:\/\/esteticaolgaguasch.com\/es\/#\/schema\/logo\/image\/\"}}]}<\/script>\n<!-- \/ Yoast SEO plugin. -->","yoast_head_json":{"title":"Pol\u00edtica de privacidad - Est\u00e9tica Olga Guasch","robots":{"index":"noindex","follow":"follow"},"og_locale":"es_ES","og_type":"article","og_title":"Pol\u00edtica de privacidad - Est\u00e9tica Olga Guasch","og_description":"Aviso Legal Pol\u00edtica de privacidad de Est\u00e9tica Olga Guasch C\/ Santa Clara, 8-10, entresuelo 08720 Vilafranca del Pened\u00e8s DNI 77312422S esteticaolgaguasch@yahoo.es. Esta Pol\u00edtica de privacidad describe c\u00f3mo se recopila, utiliza y comparte su informaci\u00f3n personal cuando visita o realiza una compra en https:\/\/esteticaolgaguasch.com\/ (denominado en lo sucesivo el \u201cSitio\u201d). POL\u00cdTICA DE PRIVACIDAD El presente Pol\u00edtica [&hellip;]","og_url":"https:\/\/esteticaolgaguasch.com\/es\/politica-de-privacidad\/","og_site_name":"Est\u00e9tica Olga Guasch","article_modified_time":"2023-03-23T17:49:52+00:00","twitter_card":"summary_large_image","twitter_misc":{"Tiempo de lectura":"4 minutos"},"schema":{"@context":"https:\/\/schema.org","@graph":[{"@type":"WebPage","@id":"https:\/\/esteticaolgaguasch.com\/es\/politica-de-privacidad\/","url":"https:\/\/esteticaolgaguasch.com\/es\/politica-de-privacidad\/","name":"Pol\u00edtica de privacidad - Est\u00e9tica Olga Guasch","isPartOf":{"@id":"https:\/\/esteticaolgaguasch.com\/es\/#website"},"datePublished":"2023-02-09T02:20:48+00:00","dateModified":"2023-03-23T17:49:52+00:00","breadcrumb":{"@id":"https:\/\/esteticaolgaguasch.com\/es\/politica-de-privacidad\/#breadcrumb"},"inLanguage":"es","potentialAction":[{"@type":"ReadAction","target":["https:\/\/esteticaolgaguasch.com\/es\/politica-de-privacidad\/"]}]},{"@type":"BreadcrumbList","@id":"https:\/\/esteticaolgaguasch.com\/es\/politica-de-privacidad\/#breadcrumb","itemListElement":[{"@type":"ListItem","position":1,"name":"Home","item":"https:\/\/esteticaolgaguasch.com\/es\/"},{"@type":"ListItem","position":2,"name":"Pol\u00edtica de privacidad"}]},{"@type":"WebSite","@id":"https:\/\/esteticaolgaguasch.com\/es\/#website","url":"https:\/\/esteticaolgaguasch.com\/es\/","name":"Est\u00e9tica Olga Guasch","description":"Centro de Est\u00e9tica en Vilafranca","publisher":{"@id":"https:\/\/esteticaolgaguasch.com\/es\/#organization"},"potentialAction":[{"@type":"SearchAction","target":{"@type":"EntryPoint","urlTemplate":"https:\/\/esteticaolgaguasch.com\/es\/?s={search_term_string}"},"query-input":"required name=search_term_string"}],"inLanguage":"es"},{"@type":"Organization","@id":"https:\/\/esteticaolgaguasch.com\/es\/#organization","name":"Est\u00e9tica Olga Guasch","url":"https:\/\/esteticaolgaguasch.com\/es\/","logo":{"@type":"ImageObject","inLanguage":"es","@id":"https:\/\/esteticaolgaguasch.com\/es\/#\/schema\/logo\/image\/","url":"https:\/\/esteticaolgaguasch.com\/wp-content\/uploads\/2023\/02\/cropped-olga-logo.png","contentUrl":"https:\/\/esteticaolgaguasch.com\/wp-content\/uploads\/2023\/02\/cropped-olga-logo.png","width":1252,"height":1135,"caption":"Est\u00e9tica Olga Guasch"},"image":{"@id":"https:\/\/esteticaolgaguasch.com\/es\/#\/schema\/logo\/image\/"}}]}},"_links":{"self":[{"href":"https:\/\/esteticaolgaguasch.com\/es\/wp-json\/wp\/v2\/pages\/2603","targetHints":{"allow":["GET"]}}],"collection":[{"href":"https:\/\/esteticaolgaguasch.com\/es\/wp-json\/wp\/v2\/pages"}],"about":[{"href":"https:\/\/esteticaolgaguasch.com\/es\/wp-json\/wp\/v2\/types\/page"}],"author":[{"embeddable":true,"href":"https:\/\/esteticaolgaguasch.com\/es\/wp-json\/wp\/v2\/users\/5"}],"replies":[{"embeddable":true,"href":"https:\/\/esteticaolgaguasch.com\/es\/wp-json\/wp\/v2\/comments?post=2603"}],"version-history":[{"count":3,"href":"https:\/\/esteticaolgaguasch.com\/es\/wp-json\/wp\/v2\/pages\/2603\/revisions"}],"predecessor-version":[{"id":3003,"href":"https:\/\/esteticaolgaguasch.com\/es\/wp-json\/wp\/v2\/pages\/2603\/revisions\/3003"}],"wp:attachment":[{"href":"https:\/\/esteticaolgaguasch.com\/es\/wp-json\/wp\/v2\/media?parent=2603"}],"wp:term":[{"taxonomy":"folder","embeddable":true,"href":"https:\/\/esteticaolgaguasch.com\/es\/wp-json\/wp\/v2\/folder?post=2603"}],"curies":[{"name":"wp","href":"https:\/\/api.w.org\/{rel}","templated":true}]}}