{"id":2618,"date":"2023-03-21T07:45:27","date_gmt":"2023-03-21T07:45:27","guid":{"rendered":"https:\/\/esteticaolgaguasch.com\/politica-de-cookies\/"},"modified":"2023-03-23T17:49:52","modified_gmt":"2023-03-23T17:49:52","slug":"politica-de-cookies","status":"publish","type":"page","link":"https:\/\/esteticaolgaguasch.com\/es\/politica-de-cookies\/","title":{"rendered":"Pol\u00edtica de Cookies"},"content":{"rendered":"\t\t<div data-elementor-type=\"wp-page\" data-elementor-id=\"2618\" class=\"elementor elementor-2618 elementor-2389\" data-elementor-post-type=\"page\">\n\t\t\t\t\t\t<section class=\"elementor-section elementor-top-section elementor-element elementor-element-fd77a8b elementor-section-full_width elementor-section-height-min-height elementor-section-stretched elementor-section-height-default elementor-section-items-middle\" data-id=\"fd77a8b\" data-element_type=\"section\" data-settings=\"{&quot;stretch_section&quot;:&quot;section-stretched&quot;}\">\n\t\t\t\t\t\t\t<div class=\"elementor-background-overlay\"><\/div>\n\t\t\t\t\t\t\t<div class=\"elementor-container elementor-column-gap-default\">\n\t\t\t\t\t<div class=\"elementor-column elementor-col-100 elementor-top-column elementor-element elementor-element-712b2319\" data-id=\"712b2319\" data-element_type=\"column\">\n\t\t\t<div class=\"elementor-widget-wrap elementor-element-populated\">\n\t\t\t\t\t\t<div class=\"elementor-element elementor-element-7e1e1130 elementor-widget elementor-widget-text-editor\" data-id=\"7e1e1130\" data-element_type=\"widget\" data-widget_type=\"text-editor.default\">\n\t\t\t\t<div class=\"elementor-widget-container\">\n\t\t\t<style>\/*! elementor - v3.19.0 - 07-02-2024 *\/\n.elementor-widget-text-editor.elementor-drop-cap-view-stacked .elementor-drop-cap{background-color:#69727d;color:#fff}.elementor-widget-text-editor.elementor-drop-cap-view-framed .elementor-drop-cap{color:#69727d;border:3px solid;background-color:transparent}.elementor-widget-text-editor:not(.elementor-drop-cap-view-default) .elementor-drop-cap{margin-top:8px}.elementor-widget-text-editor:not(.elementor-drop-cap-view-default) .elementor-drop-cap-letter{width:1em;height:1em}.elementor-widget-text-editor .elementor-drop-cap{float:left;text-align:center;line-height:1;font-size:50px}.elementor-widget-text-editor .elementor-drop-cap-letter{display:inline-block}<\/style>\t\t\t\t<h1>Pol\u00edtica de Cookies<\/h1>\n\t\t\t\t\t\t<\/div>\n\t\t\t\t<\/div>\n\t\t\t\t\t<\/div>\n\t\t<\/div>\n\t\t\t\t\t<\/div>\n\t\t<\/section>\n\t\t\t\t<section class=\"elementor-section elementor-top-section elementor-element elementor-element-282e08b4 elementor-section-boxed elementor-section-height-default elementor-section-height-default\" data-id=\"282e08b4\" data-element_type=\"section\">\n\t\t\t\t\t\t<div class=\"elementor-container elementor-column-gap-default\">\n\t\t\t\t\t<div class=\"elementor-column elementor-col-100 elementor-top-column elementor-element elementor-element-566d8eaa\" data-id=\"566d8eaa\" data-element_type=\"column\">\n\t\t\t<div class=\"elementor-widget-wrap elementor-element-populated\">\n\t\t\t\t\t\t<div class=\"elementor-element elementor-element-4b6b7bdd elementor-widget elementor-widget-text-editor\" data-id=\"4b6b7bdd\" data-element_type=\"widget\" data-widget_type=\"text-editor.default\">\n\t\t\t\t<div class=\"elementor-widget-container\">\n\t\t\t\t\t\t\t\n<p><em>Esta Pol\u00edtica de cookies fue actualizada por \u00faltima vez el enero 11, 2023 y se aplica a los ciudadanos y residentes legales permanentes del Espacio Econ\u00f3mico Europeo y Suiza<\/em><\/p>\n\n<h2>1. Introducci\u00f3n<\/h2>\n\n<p>Nuestra web, <a href=\"https:\/\/esteticaolgaguasch.com\/es\/\">https:\/\/esteticaolgaguasch.com\/<\/a> (en adelante: \u00abla web\u00bb) utiliza cookies y otras tecnolog\u00edas relacionadas (para mayor comodidad, todas las tecnolog\u00edas se denominan \u00abcookies\u00bb). Las cookies tambi\u00e9n est\u00e1n colocadas por terceros a los que hemos contratado. En el siguiente documento te informamos sobre el uso de cookies en nuestra web.<\/p>\n\n<h2>2. \u00bfQu\u00e9 son las cookies?<\/h2>\n\n<p>Una cookie es un peque\u00f1o archivo que se env\u00eda junto a las p\u00e1ginas de esta web y que su navegador almacena en el disco duro de su ordenador u otro dispositivo. La informaci\u00f3n almacenada puede ser devuelta a nuestros servidores o servidores de terceros apropiados durante una visita posterior.<\/p>\n\n<h2>3. \u00bfQu\u00e9 son los scripts?<\/h2>\n\n<p>Un script es un fragmento de c\u00f3digo de programa que se utiliza para hacer que nuestra web funcione correctamente y de forma interactiva. Este c\u00f3digo se ejecuta en nuestro servidor o en su dispositivo.<\/p>\n\n<h2>4. \u00bfQu\u00e9 es una web beacon?<\/h2>\n\n<p>Una baliza web (o una etiqueta de p\u00edxel) es una peque\u00f1a e invisible pieza de texto o imagen en una web que se utiliza para monitorear el tr\u00e1fico en una web. Para ello, se almacenan varias datos sobre usted mediante estas balizas web.<\/p>\n\n<h2>5. Cookies<\/h2>\n\n<p>5.1 Cookies t\u00e9cnicas o funcionales<\/p>\n\n<p>Algunas cookies aseguran que ciertas partes de la web funcionan correctamente y que tus preferencias de usuario sean recordando. Al colocar cookies funcionales, te facilitamos la visita a nuestra web. De esta forma, no necesitas introducir repetidamente la misma informaci\u00f3n cuando visitas nuestra web y, por ejemplo, los art\u00edculos permanecen en ti cesta de la compra hasta que hayas pagado. Podemos colocar estas cookies sin tu consentimiento.<\/p>\n\n<p>5.2 Cookies de estad\u00edsticas<\/p>\n\n<p>Utilizamos cookies estad\u00edsticas para optimizar la experiencia de la web para nuestros usuarios. Con estas cookies estad\u00edsticas obtenemos informaci\u00f3n sobre el uso de nuestra web. Te pedimos tu permiso para colocar cookies de estad\u00edsticas.<\/p>\n\n<p>5.3 Cookies de Marketing\/Seguimiento<\/p>\n\n<p>Las cookies de marketing\/seguimiento son cookies, o cualquier otra forma de almacenamiento local, utilizadas para crear perfiles de usuario para mostrar publicidad o para hacer el seguimiento del usuario en esta web o en varias webs con fines de marketing similares.<\/p>\n\n<p>5.4 Redes sociales<\/p>\n\n<p>En nuestra web hemos incluido contenido de WhatsApp para promover p\u00e1ginas web (p.ej.: \u00abMe gusta\u00bb, \u00abPinear\u00bb) o compartir (p.ej.: \u00abtuitear\u00bb) en redes sociales como WhatsApp. Este contenido est\u00e1 incrustado con c\u00f3digo derivado de WhatsApp y guarda cookies. Este contenido podr\u00eda procesar cierta informaci\u00f3n para anuncios personalizados.<\/p>\n\n<p>Por favor lea la pol\u00edtica de privacidad de estas red sociales (que puede cambiar frecuentemente) para saber que hacen con sus datos (personales) que procesan usando estas cookies. Las datos que reciben est\u00e1n anonimizadas lo m\u00e1ximo posible. WhatsApp est\u00e1 ubicado en los Estados Unidos.<\/p>\n\n<h2>6. Cookies usadas<\/h2>\n\n<h3>PHP<\/h3>\n\n<p>Marketing\/Follow-upConsent to service php<\/p>\n\n<h3>WooCommerce<\/h3>\n\n<p>Marketing\/Follow-upConsent to service woocommerce<\/p>\n\n<h3>Join.chat<\/h3>\n\n<p>Marketing\/Follow-upConsent to service join.chat<\/p>\n\n<h3>Elementor<\/h3>\n\n<p>Marketing\/Follow-upConsent to service elementor<\/p>\n\n<h3>TUS (Resumable File Transfer)<\/h3>\n\n<p>Marketing\/Follow-upConsent to service tus-(resumable-file-transfer)<\/p>\n\n<h3>Google Analytics<\/h3>\n\n<p>Marketing\/Follow-upConsent to service google-analytics<\/p>\n\n<h3>JetPack<\/h3>\n\n<p>Marketing\/Follow-upConsent to service jetpack<\/p>\n\n<h3>mailpoet<\/h3>\n\n<p>Marketing\/Follow-upConsent to service mailpoet<\/p>\n\n<h3>Google Adsense<\/h3>\n\n<p>Marketing\/Follow-up, Marketing\/SeguimientoConsent to service google-adsense<\/p>\n\n<h3>WPML<\/h3>\n\n<p>Marketing\/Follow-upConsent to service wpml<\/p>\n\n<h3>Automattico<\/h3>\n\n<p>Marketing\/Follow-upConsent to service automattic<\/p>\n\n<h3>WordPress<\/h3>\n\n<p>Marketing\/Follow-upConsent to service wordpress<\/p>\n\n<h3>Google Fuentes<\/h3>\n\n<p>Marketing\/SeguimientoConsent to service google-fonts<\/p>\n\n<h3>Google reCAPTCHA<\/h3>\n\n<p>Marketing\/Seguimiento Consent to service google-recaptcha<\/p>\n\n<h3>Google Maps<\/h3>\n\n<p>Marketing\/Seguimiento Consent to service google-maps<\/p>\n\n<h3>YouTube<\/h3>\n\n<p>Marketing\/Seguimiento, Funcional Consent to service youtube<\/p>\n\n<h3>WhatsApp<\/h3>\n\n<p>FuncionalConsent to service whatsapp<\/p>\n\n<h2>7. Consentimiento<\/h2>\n\n<p>Cuando visites nuestra web por primera vez, te mostraremos una ventana emergente con una explicaci\u00f3n sobre las cookies. Tan pronto como hagas clic en \u00abGuardar preferencias\u00bb, aceptas que usemos las categor\u00edas de cookies y plugins que has seleccionado en la ventana emergente, tal y como se describe en esta pol\u00edtica de cookies. Puede desactivar el uso de cookies a trav\u00e9s de tu navegador, pero, por favor, ten en cuenta que nuestra web puede dejar de funcionar correctamente.<\/p>\n\n<p>7.1 Gestiona sus ajustes de consentimientoFuncionalSiempre activoEstad\u00edsticasEstad\u00edsticasMarketingMarketing<\/p>\n\n<h2>8. Activaci\u00f3n\/desactivaci\u00f3n y eliminaci\u00f3n de cookies<\/h2>\n\n<p>Puedes utilizar tu navegador de Internet para eliminar las cookies de forma autom\u00e1tica o manual. Tambi\u00e9n puedes especificar que ciertas cookies no pueden ser colocadas. Otra opci\u00f3n es cambiar los ajustes de tu navegador de Internet para que recibas un mensaje cada vez que se coloca una cookie. Para obtener m\u00e1s informaci\u00f3n sobre estas opciones, consulta las instrucciones de la secci\u00f3n \u00abAyuda\u00bb de tu navegador.<\/p>\n\n<p>Ten en cuenta que nuestra web puede no funcionar correctamente si todas las cookies est\u00e1n desactivadas. Si borras las cookies de tu navegador, se volver\u00e1n a colocar despu\u00e9s de tu consentimiento cuando vuelvas a visitar nuestras webs.<\/p>\n\n<h2>9. Tus derechos con respecto a las datos personales<\/h2>\n\n<p>Tienes los siguientes derechos respecto a tus datos personales:<\/p>\n\n<ul>\n<li>Tiene derecho a saber por qu\u00e9 se necesitan tus datos personales, qu\u00e9 suceder\u00e1 con ellos y durante cu\u00e1nto tiempo se conservar\u00e1n.<\/li>\n\n<li>Derecho de acceso: tienes derecho a acceder a tus datos personales que conocemos.<\/li>\n\n<li>Derecho de rectificaci\u00f3n: tienes derecho a completar, rectificar, borrar o bloquear tus datos personales cuando lo desees.<\/li>\n\n<li>Si nos das tu consentimiento para procesar tus datos, tienes derecho a revocar dicho consentimiento ya que se eliminen tus datos personales.<\/li>\n\n<li>Derecho de cesi\u00f3n de tus datos: tienes derecho a solicitar todas tus datos personales al responsable del tratamiento ya transferirlos \u00edntegramente a otro responsable del tratamiento.<\/li>\n\n<li>Derecho de oposici\u00f3n: puedes oponerte al tratamiento de sus datos. Nosotros cumplimos con esto, a menos que existan motivos justificados para el procesamiento.<\/li>\n<\/ul>\n\n<p>Para ejercer estos derechos, por favor, contacta con nosotros. Por favor, consulta los detalles de contacto en la parte inferior de esta pol\u00edtica de cookies. Si tienes alguna queja sobre c\u00f3mo gestionamos tus datos, nos gustar\u00eda que nos la hicieras saber, pero tambi\u00e9n tienes derecho a enviar una queja a la autoridad supervisora (la autoridad de protecci\u00f3n de datos).<\/p>\n\n<h2>10. Datos de contacto<\/h2>\n\n<p>Para preguntas y\/o comentarios sobre nuestra pol\u00edtica de cookies y esta declaraci\u00f3n, por favor, contacta con nosotros usando las siguientes datos de contacto:<\/p>\n\n<p>Est\u00e9tica Olga Guasch<\/p>\n\n<p>C\/ Santa Clara, 8-10, entresuelo<\/p>\n\n<p>08720 Vilafranca del Pened\u00e8s<\/p>\n\n<p>DNI 77312422S<\/p>\n\n<p><a href=\"mailto:esteticaolgaguasch@yahoo.es\" target=\"_blank\" rel=\"noreferrer noopener\">esteticaolgaguasch@yahoo.es<\/a> .<\/p>\n\t\t\t\t\t\t<\/div>\n\t\t\t\t<\/div>\n\t\t\t\t\t<\/div>\n\t\t<\/div>\n\t\t\t\t\t<\/div>\n\t\t<\/section>\n\t\t\t\t<\/div>\n\t\t","protected":false},"excerpt":{"rendered":"<p>Pol\u00edtica de Cookies Esta Pol\u00edtica de cookies fue actualizada por \u00faltima vez el enero 11, 2023 y se aplica a los ciudadanos y residentes legales permanentes del Espacio Econ\u00f3mico Europeo y Suiza 1. Introducci\u00f3n Nuestra web, https:\/\/esteticaolgaguasch.com\/ (en adelante: \u00abla web\u00bb) utiliza cookies y otras tecnolog\u00edas relacionadas (para mayor comodidad, todas las tecnolog\u00edas se denominan [&hellip;]<\/p>\n","protected":false},"author":5,"featured_media":0,"parent":0,"menu_order":0,"comment_status":"closed","ping_status":"closed","template":"","meta":{"footnotes":""},"folder":[],"class_list":["post-2618","page","type-page","status-publish","hentry"],"yoast_head":"<!-- This site is optimized with the Yoast SEO plugin v22.1 - https:\/\/yoast.com\/wordpress\/plugins\/seo\/ -->\n<title>Pol\u00edtica de Cookies - Est\u00e9tica Olga Guasch<\/title>\n<meta name=\"robots\" content=\"noindex, follow\" \/>\n<meta property=\"og:locale\" content=\"es_ES\" \/>\n<meta property=\"og:type\" content=\"article\" \/>\n<meta property=\"og:title\" content=\"Pol\u00edtica de Cookies - Est\u00e9tica Olga Guasch\" \/>\n<meta property=\"og:description\" content=\"Pol\u00edtica de Cookies Esta Pol\u00edtica de cookies fue actualizada por \u00faltima vez el enero 11, 2023 y se aplica a los ciudadanos y residentes legales permanentes del Espacio Econ\u00f3mico Europeo y Suiza 1. Introducci\u00f3n Nuestra web, https:\/\/esteticaolgaguasch.com\/ (en adelante: \u00abla web\u00bb) utiliza cookies y otras tecnolog\u00edas relacionadas (para mayor comodidad, todas las tecnolog\u00edas se denominan [&hellip;]\" \/>\n<meta property=\"og:url\" content=\"https:\/\/esteticaolgaguasch.com\/es\/politica-de-cookies\/\" \/>\n<meta property=\"og:site_name\" content=\"Est\u00e9tica Olga Guasch\" \/>\n<meta property=\"article:modified_time\" content=\"2023-03-23T17:49:52+00:00\" \/>\n<meta name=\"twitter:card\" content=\"summary_large_image\" \/>\n<meta name=\"twitter:label1\" content=\"Tiempo de lectura\" \/>\n\t<meta name=\"twitter:data1\" content=\"5 minutos\" \/>\n<script type=\"application\/ld+json\" class=\"yoast-schema-graph\">{\"@context\":\"https:\/\/schema.org\",\"@graph\":[{\"@type\":\"WebPage\",\"@id\":\"https:\/\/esteticaolgaguasch.com\/es\/politica-de-cookies\/\",\"url\":\"https:\/\/esteticaolgaguasch.com\/es\/politica-de-cookies\/\",\"name\":\"Pol\u00edtica de Cookies - Est\u00e9tica Olga Guasch\",\"isPartOf\":{\"@id\":\"https:\/\/esteticaolgaguasch.com\/es\/#website\"},\"datePublished\":\"2023-03-21T07:45:27+00:00\",\"dateModified\":\"2023-03-23T17:49:52+00:00\",\"breadcrumb\":{\"@id\":\"https:\/\/esteticaolgaguasch.com\/es\/politica-de-cookies\/#breadcrumb\"},\"inLanguage\":\"es\",\"potentialAction\":[{\"@type\":\"ReadAction\",\"target\":[\"https:\/\/esteticaolgaguasch.com\/es\/politica-de-cookies\/\"]}]},{\"@type\":\"BreadcrumbList\",\"@id\":\"https:\/\/esteticaolgaguasch.com\/es\/politica-de-cookies\/#breadcrumb\",\"itemListElement\":[{\"@type\":\"ListItem\",\"position\":1,\"name\":\"Home\",\"item\":\"https:\/\/esteticaolgaguasch.com\/es\/\"},{\"@type\":\"ListItem\",\"position\":2,\"name\":\"Pol\u00edtica de Cookies\"}]},{\"@type\":\"WebSite\",\"@id\":\"https:\/\/esteticaolgaguasch.com\/es\/#website\",\"url\":\"https:\/\/esteticaolgaguasch.com\/es\/\",\"name\":\"Est\u00e9tica Olga Guasch\",\"description\":\"Centro de Est\u00e9tica en Vilafranca\",\"publisher\":{\"@id\":\"https:\/\/esteticaolgaguasch.com\/es\/#organization\"},\"potentialAction\":[{\"@type\":\"SearchAction\",\"target\":{\"@type\":\"EntryPoint\",\"urlTemplate\":\"https:\/\/esteticaolgaguasch.com\/es\/?s={search_term_string}\"},\"query-input\":\"required name=search_term_string\"}],\"inLanguage\":\"es\"},{\"@type\":\"Organization\",\"@id\":\"https:\/\/esteticaolgaguasch.com\/es\/#organization\",\"name\":\"Est\u00e9tica Olga Guasch\",\"url\":\"https:\/\/esteticaolgaguasch.com\/es\/\",\"logo\":{\"@type\":\"ImageObject\",\"inLanguage\":\"es\",\"@id\":\"https:\/\/esteticaolgaguasch.com\/es\/#\/schema\/logo\/image\/\",\"url\":\"https:\/\/esteticaolgaguasch.com\/wp-content\/uploads\/2023\/02\/cropped-olga-logo.png\",\"contentUrl\":\"https:\/\/esteticaolgaguasch.com\/wp-content\/uploads\/2023\/02\/cropped-olga-logo.png\",\"width\":1252,\"height\":1135,\"caption\":\"Est\u00e9tica Olga Guasch\"},\"image\":{\"@id\":\"https:\/\/esteticaolgaguasch.com\/es\/#\/schema\/logo\/image\/\"}}]}<\/script>\n<!-- \/ Yoast SEO plugin. -->","yoast_head_json":{"title":"Pol\u00edtica de Cookies - Est\u00e9tica Olga Guasch","robots":{"index":"noindex","follow":"follow"},"og_locale":"es_ES","og_type":"article","og_title":"Pol\u00edtica de Cookies - Est\u00e9tica Olga Guasch","og_description":"Pol\u00edtica de Cookies Esta Pol\u00edtica de cookies fue actualizada por \u00faltima vez el enero 11, 2023 y se aplica a los ciudadanos y residentes legales permanentes del Espacio Econ\u00f3mico Europeo y Suiza 1. Introducci\u00f3n Nuestra web, https:\/\/esteticaolgaguasch.com\/ (en adelante: \u00abla web\u00bb) utiliza cookies y otras tecnolog\u00edas relacionadas (para mayor comodidad, todas las tecnolog\u00edas se denominan [&hellip;]","og_url":"https:\/\/esteticaolgaguasch.com\/es\/politica-de-cookies\/","og_site_name":"Est\u00e9tica Olga Guasch","article_modified_time":"2023-03-23T17:49:52+00:00","twitter_card":"summary_large_image","twitter_misc":{"Tiempo de lectura":"5 minutos"},"schema":{"@context":"https:\/\/schema.org","@graph":[{"@type":"WebPage","@id":"https:\/\/esteticaolgaguasch.com\/es\/politica-de-cookies\/","url":"https:\/\/esteticaolgaguasch.com\/es\/politica-de-cookies\/","name":"Pol\u00edtica de Cookies - Est\u00e9tica Olga Guasch","isPartOf":{"@id":"https:\/\/esteticaolgaguasch.com\/es\/#website"},"datePublished":"2023-03-21T07:45:27+00:00","dateModified":"2023-03-23T17:49:52+00:00","breadcrumb":{"@id":"https:\/\/esteticaolgaguasch.com\/es\/politica-de-cookies\/#breadcrumb"},"inLanguage":"es","potentialAction":[{"@type":"ReadAction","target":["https:\/\/esteticaolgaguasch.com\/es\/politica-de-cookies\/"]}]},{"@type":"BreadcrumbList","@id":"https:\/\/esteticaolgaguasch.com\/es\/politica-de-cookies\/#breadcrumb","itemListElement":[{"@type":"ListItem","position":1,"name":"Home","item":"https:\/\/esteticaolgaguasch.com\/es\/"},{"@type":"ListItem","position":2,"name":"Pol\u00edtica de Cookies"}]},{"@type":"WebSite","@id":"https:\/\/esteticaolgaguasch.com\/es\/#website","url":"https:\/\/esteticaolgaguasch.com\/es\/","name":"Est\u00e9tica Olga Guasch","description":"Centro de Est\u00e9tica en Vilafranca","publisher":{"@id":"https:\/\/esteticaolgaguasch.com\/es\/#organization"},"potentialAction":[{"@type":"SearchAction","target":{"@type":"EntryPoint","urlTemplate":"https:\/\/esteticaolgaguasch.com\/es\/?s={search_term_string}"},"query-input":"required name=search_term_string"}],"inLanguage":"es"},{"@type":"Organization","@id":"https:\/\/esteticaolgaguasch.com\/es\/#organization","name":"Est\u00e9tica Olga Guasch","url":"https:\/\/esteticaolgaguasch.com\/es\/","logo":{"@type":"ImageObject","inLanguage":"es","@id":"https:\/\/esteticaolgaguasch.com\/es\/#\/schema\/logo\/image\/","url":"https:\/\/esteticaolgaguasch.com\/wp-content\/uploads\/2023\/02\/cropped-olga-logo.png","contentUrl":"https:\/\/esteticaolgaguasch.com\/wp-content\/uploads\/2023\/02\/cropped-olga-logo.png","width":1252,"height":1135,"caption":"Est\u00e9tica Olga Guasch"},"image":{"@id":"https:\/\/esteticaolgaguasch.com\/es\/#\/schema\/logo\/image\/"}}]}},"_links":{"self":[{"href":"https:\/\/esteticaolgaguasch.com\/es\/wp-json\/wp\/v2\/pages\/2618","targetHints":{"allow":["GET"]}}],"collection":[{"href":"https:\/\/esteticaolgaguasch.com\/es\/wp-json\/wp\/v2\/pages"}],"about":[{"href":"https:\/\/esteticaolgaguasch.com\/es\/wp-json\/wp\/v2\/types\/page"}],"author":[{"embeddable":true,"href":"https:\/\/esteticaolgaguasch.com\/es\/wp-json\/wp\/v2\/users\/5"}],"replies":[{"embeddable":true,"href":"https:\/\/esteticaolgaguasch.com\/es\/wp-json\/wp\/v2\/comments?post=2618"}],"version-history":[{"count":3,"href":"https:\/\/esteticaolgaguasch.com\/es\/wp-json\/wp\/v2\/pages\/2618\/revisions"}],"predecessor-version":[{"id":3002,"href":"https:\/\/esteticaolgaguasch.com\/es\/wp-json\/wp\/v2\/pages\/2618\/revisions\/3002"}],"wp:attachment":[{"href":"https:\/\/esteticaolgaguasch.com\/es\/wp-json\/wp\/v2\/media?parent=2618"}],"wp:term":[{"taxonomy":"folder","embeddable":true,"href":"https:\/\/esteticaolgaguasch.com\/es\/wp-json\/wp\/v2\/folder?post=2618"}],"curies":[{"name":"wp","href":"https:\/\/api.w.org\/{rel}","templated":true}]}}