{"id":2631,"date":"2023-03-21T07:48:50","date_gmt":"2023-03-21T07:48:50","guid":{"rendered":"https:\/\/esteticaolgaguasch.com\/aviso-legal\/"},"modified":"2023-03-23T17:37:03","modified_gmt":"2023-03-23T17:37:03","slug":"aviso-legal","status":"publish","type":"page","link":"https:\/\/esteticaolgaguasch.com\/es\/aviso-legal\/","title":{"rendered":"Aviso Legal"},"content":{"rendered":"\t\t<div data-elementor-type=\"wp-page\" data-elementor-id=\"2631\" class=\"elementor elementor-2631 elementor-2391\" data-elementor-post-type=\"page\">\n\t\t\t\t\t\t<section class=\"elementor-section elementor-top-section elementor-element elementor-element-c194057 elementor-section-full_width elementor-section-height-min-height elementor-section-stretched elementor-section-height-default elementor-section-items-middle\" data-id=\"c194057\" data-element_type=\"section\" data-settings=\"{&quot;stretch_section&quot;:&quot;section-stretched&quot;}\">\n\t\t\t\t\t\t\t<div class=\"elementor-background-overlay\"><\/div>\n\t\t\t\t\t\t\t<div class=\"elementor-container elementor-column-gap-default\">\n\t\t\t\t\t<div class=\"elementor-column elementor-col-100 elementor-top-column elementor-element elementor-element-de01f78\" data-id=\"de01f78\" data-element_type=\"column\">\n\t\t\t<div class=\"elementor-widget-wrap elementor-element-populated\">\n\t\t\t\t\t\t<div class=\"elementor-element elementor-element-3c08ba6 elementor-widget elementor-widget-text-editor\" data-id=\"3c08ba6\" data-element_type=\"widget\" data-widget_type=\"text-editor.default\">\n\t\t\t\t<div class=\"elementor-widget-container\">\n\t\t\t<style>\/*! elementor - v3.19.0 - 07-02-2024 *\/\n.elementor-widget-text-editor.elementor-drop-cap-view-stacked .elementor-drop-cap{background-color:#69727d;color:#fff}.elementor-widget-text-editor.elementor-drop-cap-view-framed .elementor-drop-cap{color:#69727d;border:3px solid;background-color:transparent}.elementor-widget-text-editor:not(.elementor-drop-cap-view-default) .elementor-drop-cap{margin-top:8px}.elementor-widget-text-editor:not(.elementor-drop-cap-view-default) .elementor-drop-cap-letter{width:1em;height:1em}.elementor-widget-text-editor .elementor-drop-cap{float:left;text-align:center;line-height:1;font-size:50px}.elementor-widget-text-editor .elementor-drop-cap-letter{display:inline-block}<\/style>\t\t\t\t<h1> Aviso Legal<\/h1>\n\t\t\t\t\t\t<\/div>\n\t\t\t\t<\/div>\n\t\t\t\t\t<\/div>\n\t\t<\/div>\n\t\t\t\t\t<\/div>\n\t\t<\/section>\n\t\t\t\t<section class=\"elementor-section elementor-top-section elementor-element elementor-element-4b79f82d elementor-section-boxed elementor-section-height-default elementor-section-height-default\" data-id=\"4b79f82d\" data-element_type=\"section\">\n\t\t\t\t\t\t\t<div class=\"elementor-background-overlay\"><\/div>\n\t\t\t\t\t\t\t<div class=\"elementor-container elementor-column-gap-default\">\n\t\t\t\t\t<div class=\"elementor-column elementor-col-100 elementor-top-column elementor-element elementor-element-7efac011\" data-id=\"7efac011\" data-element_type=\"column\">\n\t\t\t<div class=\"elementor-widget-wrap elementor-element-populated\">\n\t\t\t\t\t\t<div class=\"elementor-element elementor-element-4dc2e707 elementor-widget elementor-widget-text-editor\" data-id=\"4dc2e707\" data-element_type=\"widget\" data-widget_type=\"text-editor.default\">\n\t\t\t\t<div class=\"elementor-widget-container\">\n\t\t\t\t\t\t\t\n<p><strong>LEY DE SERVICIOS DE LA SOCIEDAD DE LA INFORMACI\u00d3N (LSSI)<\/strong><\/p>\n\n<p>Est\u00e9tica Olga Guasch, responsable del sitio web, en adelante RESPONSABLE, pondr\u00e1 a disposici\u00f3n de los usuarios el presente documento, con el que pretende dar cumplimiento a las obligaciones dispuestas en la Ley 34\/2002, de 11 de julio, de Servicios de la Sociedad de la Informaci\u00f3n y de Comercio Electr\u00f3nico (LSSICE), Bolet\u00edn Oficial del Estado n\u00ba 166, as\u00ed como informar a todos los usuarios del sitio web, sobre cu\u00e1les son las condiciones de uso. <\/p>\n\n<p>Toda persona que acceda a este sitio web adquiera la condici\u00f3n de usuario, comprometi\u00e9ndose a la observancia y cumplimiento riguroso de las disposiciones aqu\u00ed dispuestas, as\u00ed como a cualquier otra cl\u00e1usula legal que fuera de aplicaci\u00f3n. <\/p>\n\n<p>Est\u00e9tica Olga Guasch se reserva el derecho a modificar cualquier tipo de informaci\u00f3n que pudiera aparecer en el sitio web, sino que exista obligaci\u00f3n de preavisar o poner en conocimiento de los usuarios dichas obligaciones, entendi\u00e9ndose como suficiente con la publicaci\u00f3n en el sitio web de Est\u00e9tica Olga Guasch<\/p>\n\n<p>Est\u00e9tica Olga Guasch<\/p>\n\n<p>C\/ Santa Clara, 8-10, entresuelo<\/p>\n\n<p>08720 Vilafranca del Pened\u00e8s<\/p>\n\n<p>DNI 77312422S<\/p>\n\n<p><a href=\"mailto:esteticaolgaguasch@yahoo.es\" target=\"_blank\" rel=\"noreferrer noopener\">esteticaolgaguasch@yahoo.es<\/a> .<\/p>\n\n<p><strong>2. DERECHOS DE PROPIEDAD INTELECTUAL E INDUSTRIAL <\/strong><\/p>\n\n<p>El sitio web, incluyendo a t\u00edtulo enunciativo, pero no limitativo su programaci\u00f3n, edici\u00f3n, compilaci\u00f3n y dem\u00e1s elementos necesarios para su funcionamiento, los dise\u00f1os, logotipos, texto y\/o gr\u00e1ficos, son propiedad del RESPONSABLE o, en su caso, dispone de licencia o autorizaci\u00f3n expresa para ello, autorizaci\u00f3n expresa de los autores. <\/p>\n\n<p>Todos los contenidos del sitio web est\u00e1n debidamente protegidos por la normativa de propiedad intelectual e industrial, as\u00ed como inscritos en los registros p\u00fablicos correspondiente. <\/p>\n\n<p>Independientemente de la finalidad para la que fueran destinados, la reproducci\u00f3n total o parcial, uso, explotaci\u00f3n, distribuci\u00f3n y comercializaci\u00f3n, requiere en todo caso de la autorizaci\u00f3n escrita previa por parte del RESPONSABLE. <\/p>\n\n<p>Cualquier uso no autorizado se considera un incumplimiento grave de los derechos de propiedad intelectual o industrial del autor. Los dise\u00f1os, logotipos, texto y\/o gr\u00e1ficos ajenos al RESPONSABLE y que pudieran aparecer en el sitio web, pertenecen a sus respectivos propietarios, siendo ellos mismos responsables de cualquier posible controversia que pudiera suscitarse respecto a los mismos.<\/p>\n\n<p>El RESPONSABLE autoriza expresamente a que terceros puedan redirigir a los contenidos concretos del sitio web, y en todo caso redirigir al sitio web principal de <a href=\"https:\/\/esteticaolgaguasch.com\/es\/\">https:\/\/esteticaolgaguasch.com\/<\/a><\/p>\n\n<p><a href=\"mailto:esteticaolgaguasch@yahoo.es\" target=\"_blank\" rel=\"noreferrer noopener\">esteticaolgaguasch@yahoo.es<\/a> .<\/p>\n\n<p>El RESPONSABLE se exime de cualquier responsabilidad derivada de la informaci\u00f3n publicada en su sitio web siempre que no tenga conocimiento efectivo de que dicha informaci\u00f3n haya sido manipulada o introducida por un tercero ajeno al mismo o, en su caso, haya actuado diligentemente para retirar las datos o convertirlos en imposible acceder a ellos. <\/p>\n\n<p><strong>Uso de cookies<\/strong><\/p>\n\n<p>Este sitio web utiliza cookies t\u00e9cnicas (peque\u00f1os archivos con informaci\u00f3n que el servidor env\u00eda al ordenador del usuario del sitio web) para llevar a cabo determinadas funciones que son consideradas necesarias para el correcto funcionamiento y visualizaci\u00f3n del sitio web. <\/p>\n\n<p>En todo caso, las cookies utilizadas tienen car\u00e1cter temporal con la \u00fanica finalidad de hacer m\u00e1s eficaz la navegaci\u00f3n por el sitio y desaparecen al terminar la sesi\u00f3n del usuario. <\/p>\n\n<p>En ning\u00fan caso estas cookies proporcionan por s\u00ed mismas datos de car\u00e1cter personal y no ser\u00e1n utilizadas para la recogida de dichas datos. <\/p>\n\n<p>Mediante el uso de las cookies tambi\u00e9n resulta posible que el servidor donde se encuentra la web reconozca el navegador utilizado por el usuario con la finalidad de que la navegaci\u00f3n sea m\u00e1s sencilla, permitiendo, por ejemplo, a los usuarios que se hayan registrado previamente, acceder en las \u00e1reas, servicios, promociones o concursos reservados en exclusiva para ellos sin necesidad de registrarse en cada visita. <\/p>\n\n<p>Tambi\u00e9n se pueden utilizar para medir la audiencia o par\u00e1metros del tr\u00e1fico, controlar el progreso y n\u00famero de entradas, etc. <\/p>\n\n<p>En estos casos, las cookies utilizadas son t\u00e9cnicamente prescindibles pero beneficiosas para el usuario. <\/p>\n\n<p>Este sitio web no instalar\u00e1 cookies no esenciales sin el previo consentimiento del usuario. El navegador puede ser configurado por el usuario para avisarle de la recepci\u00f3n de cookies y para impedir su instalaci\u00f3n en su equipo. <\/p>\n\n<p>Para m\u00e1s informaci\u00f3n, consulte las instrucciones de su navegador.<\/p>\n\n<p><strong>Pol\u00edtica de enlaces <\/strong><\/p>\n\n<p>El usuario de este sitio web puede ser redirigido a contenidos de sitios web de terceros. Dado que el RESPONSABLE no puede controlar siempre los contenidos de los sitios web de terceros, no asume ning\u00fan tipo de responsabilidad respecto a dichos contenidos. En cualquier caso, el RESPONSABLE retirar\u00e1 inmediatamente cualquier contenido que pueda ser contrario a las leyes, la moral o el orden p\u00fablico, nacionales o internacionales, y retirar\u00e1 inmediatamente la redirecci\u00f3n a este sitio web, poniendo en conocimiento de las autoridades competentes dichos contenidos. <\/p>\n\n<p>El RESPONSABLE no ser\u00e1 responsable de la informaci\u00f3n y contenidos encontrados, a t\u00edtulo enunciativo, pero no limitativo, en foros, chats, generadoras de blogs, comentarios, redes sociales o cualquier otro medio que permita a terceros publicar contenidos de forma independiente en la p\u00e1gina web del RESPONSABLE. <\/p>\n\n<p>No obstante, y de conformidad con la Ley 11 y 16 de la LSSICE, los contenidos de terceros se ponen a disposici\u00f3n de todos los usuarios, autoridades y cuerpos y fuerzas de seguridad colaborando directamente en la retirada o bloqueo de todos aquellos contenidos que puedan afectar o contravenir la legislaci\u00f3n nacional o internacional, derechos de terceros o la moral y el orden p\u00fablicos. <\/p>\n\n<p>En caso de que el usuario considere que existe en el sitio web alg\u00fan contenido que pudiera ser considerado como tal, se ruega lo notifique de forma inmediata al administrador del sitio web. Este sitio web ha sido revisado y probado para permitir su correcto funcionamiento. En principio, puede garantizarse el correcto funcionamiento los 365 d\u00edas del a\u00f1o, las 24 horas del d\u00eda. <\/p>\n\n<p>No obstante, el RESPONSABLE no descarta la posibilidad de que se produzcan determinados errores de programaci\u00f3n, o de que se produzcan causas de fuerza mayor, cat\u00e1strofes naturales, huelgas o circunstancias an\u00e1logas que hayan imposible el acceso al sitio web. <\/p>\n\n<p><strong>Direcciones IP <\/strong><\/p>\n\n<p>Los servidores del sitio web podr\u00e1n detectar de forma autom\u00e1tica la direcci\u00f3n IP y el n\u00famero de dominio utilizados por el usuario. Una direcci\u00f3n IP es un n\u00famero asignado autom\u00e1ticamente a un ordenador cuando se conecta a Internet. <\/p>\n\n<p>Toda esta informaci\u00f3n queda registrada en un registro del sistema en el servidor que permite el posterior procesamiento de las datos para obtener \u00fanicamente mediciones estad\u00edsticas que nos muestran el n\u00famero de p\u00e1ginas visitadas, el n\u00famero de visitas realizadas en los servidores web, el orden de las visitas , el punto de acceso, etc. <\/p>\n\n<p><strong>4. LEY APLICABLE Y JURISDICCI\u00d3N <\/strong><br>Para la resoluci\u00f3n de todas las disputas legales o cuestiones relacionadas con el presente sitio web o de las actividades en \u00e9l desarrolladas, ser\u00e1 de aplicaci\u00f3n la legislaci\u00f3n espa\u00f1ola, a la que se someten expresamente las partes, siendo competentes los Juzgados y Tribunales del domicilio del USUARIO o del lugar del cumplimiento de la obligaci\u00f3n. competente para la resoluci\u00f3n de todas las disputas legales derivadas o relacionadas con su uso.<\/p>\n\t\t\t\t\t\t<\/div>\n\t\t\t\t<\/div>\n\t\t\t\t\t<\/div>\n\t\t<\/div>\n\t\t\t\t\t<\/div>\n\t\t<\/section>\n\t\t\t\t<\/div>\n\t\t","protected":false},"excerpt":{"rendered":"<p>Aviso Legal LEY DE SERVICIOS DE LA SOCIEDAD DE LA INFORMACI\u00d3N (LSSI) Est\u00e9tica Olga Guasch, responsable del sitio web, en adelante RESPONSABLE, pondr\u00e1 a disposici\u00f3n de los usuarios el presente documento, con el que pretende dar cumplimiento a las obligaciones dispuestas en la Ley 34\/2002, de 11 de julio, de Servicios de la Sociedad de [&hellip;]<\/p>\n","protected":false},"author":5,"featured_media":0,"parent":0,"menu_order":0,"comment_status":"closed","ping_status":"closed","template":"","meta":{"footnotes":""},"folder":[],"class_list":["post-2631","page","type-page","status-publish","hentry"],"yoast_head":"<!-- This site is optimized with the Yoast SEO plugin v22.1 - https:\/\/yoast.com\/wordpress\/plugins\/seo\/ -->\n<title>Aviso Legal - Est\u00e9tica Olga Guasch<\/title>\n<meta name=\"robots\" content=\"noindex, follow\" \/>\n<meta property=\"og:locale\" content=\"es_ES\" \/>\n<meta property=\"og:type\" content=\"article\" \/>\n<meta property=\"og:title\" content=\"Aviso Legal - Est\u00e9tica Olga Guasch\" \/>\n<meta property=\"og:description\" content=\"Aviso Legal LEY DE SERVICIOS DE LA SOCIEDAD DE LA INFORMACI\u00d3N (LSSI) Est\u00e9tica Olga Guasch, responsable del sitio web, en adelante RESPONSABLE, pondr\u00e1 a disposici\u00f3n de los usuarios el presente documento, con el que pretende dar cumplimiento a las obligaciones dispuestas en la Ley 34\/2002, de 11 de julio, de Servicios de la Sociedad de [&hellip;]\" \/>\n<meta property=\"og:url\" content=\"https:\/\/esteticaolgaguasch.com\/es\/aviso-legal\/\" \/>\n<meta property=\"og:site_name\" content=\"Est\u00e9tica Olga Guasch\" \/>\n<meta property=\"article:modified_time\" content=\"2023-03-23T17:37:03+00:00\" \/>\n<meta name=\"twitter:card\" content=\"summary_large_image\" \/>\n<meta name=\"twitter:label1\" content=\"Tiempo de lectura\" \/>\n\t<meta name=\"twitter:data1\" content=\"6 minutos\" \/>\n<script type=\"application\/ld+json\" class=\"yoast-schema-graph\">{\"@context\":\"https:\/\/schema.org\",\"@graph\":[{\"@type\":\"WebPage\",\"@id\":\"https:\/\/esteticaolgaguasch.com\/es\/aviso-legal\/\",\"url\":\"https:\/\/esteticaolgaguasch.com\/es\/aviso-legal\/\",\"name\":\"Aviso Legal - Est\u00e9tica Olga Guasch\",\"isPartOf\":{\"@id\":\"https:\/\/esteticaolgaguasch.com\/es\/#website\"},\"datePublished\":\"2023-03-21T07:48:50+00:00\",\"dateModified\":\"2023-03-23T17:37:03+00:00\",\"breadcrumb\":{\"@id\":\"https:\/\/esteticaolgaguasch.com\/es\/aviso-legal\/#breadcrumb\"},\"inLanguage\":\"es\",\"potentialAction\":[{\"@type\":\"ReadAction\",\"target\":[\"https:\/\/esteticaolgaguasch.com\/es\/aviso-legal\/\"]}]},{\"@type\":\"BreadcrumbList\",\"@id\":\"https:\/\/esteticaolgaguasch.com\/es\/aviso-legal\/#breadcrumb\",\"itemListElement\":[{\"@type\":\"ListItem\",\"position\":1,\"name\":\"Home\",\"item\":\"https:\/\/esteticaolgaguasch.com\/es\/\"},{\"@type\":\"ListItem\",\"position\":2,\"name\":\"Aviso Legal\"}]},{\"@type\":\"WebSite\",\"@id\":\"https:\/\/esteticaolgaguasch.com\/es\/#website\",\"url\":\"https:\/\/esteticaolgaguasch.com\/es\/\",\"name\":\"Est\u00e9tica Olga Guasch\",\"description\":\"Centro de Est\u00e9tica en Vilafranca\",\"publisher\":{\"@id\":\"https:\/\/esteticaolgaguasch.com\/es\/#organization\"},\"potentialAction\":[{\"@type\":\"SearchAction\",\"target\":{\"@type\":\"EntryPoint\",\"urlTemplate\":\"https:\/\/esteticaolgaguasch.com\/es\/?s={search_term_string}\"},\"query-input\":\"required name=search_term_string\"}],\"inLanguage\":\"es\"},{\"@type\":\"Organization\",\"@id\":\"https:\/\/esteticaolgaguasch.com\/es\/#organization\",\"name\":\"Est\u00e9tica Olga Guasch\",\"url\":\"https:\/\/esteticaolgaguasch.com\/es\/\",\"logo\":{\"@type\":\"ImageObject\",\"inLanguage\":\"es\",\"@id\":\"https:\/\/esteticaolgaguasch.com\/es\/#\/schema\/logo\/image\/\",\"url\":\"https:\/\/esteticaolgaguasch.com\/wp-content\/uploads\/2023\/02\/cropped-olga-logo.png\",\"contentUrl\":\"https:\/\/esteticaolgaguasch.com\/wp-content\/uploads\/2023\/02\/cropped-olga-logo.png\",\"width\":1252,\"height\":1135,\"caption\":\"Est\u00e9tica Olga Guasch\"},\"image\":{\"@id\":\"https:\/\/esteticaolgaguasch.com\/es\/#\/schema\/logo\/image\/\"}}]}<\/script>\n<!-- \/ Yoast SEO plugin. -->","yoast_head_json":{"title":"Aviso Legal - Est\u00e9tica Olga Guasch","robots":{"index":"noindex","follow":"follow"},"og_locale":"es_ES","og_type":"article","og_title":"Aviso Legal - Est\u00e9tica Olga Guasch","og_description":"Aviso Legal LEY DE SERVICIOS DE LA SOCIEDAD DE LA INFORMACI\u00d3N (LSSI) Est\u00e9tica Olga Guasch, responsable del sitio web, en adelante RESPONSABLE, pondr\u00e1 a disposici\u00f3n de los usuarios el presente documento, con el que pretende dar cumplimiento a las obligaciones dispuestas en la Ley 34\/2002, de 11 de julio, de Servicios de la Sociedad de [&hellip;]","og_url":"https:\/\/esteticaolgaguasch.com\/es\/aviso-legal\/","og_site_name":"Est\u00e9tica Olga Guasch","article_modified_time":"2023-03-23T17:37:03+00:00","twitter_card":"summary_large_image","twitter_misc":{"Tiempo de lectura":"6 minutos"},"schema":{"@context":"https:\/\/schema.org","@graph":[{"@type":"WebPage","@id":"https:\/\/esteticaolgaguasch.com\/es\/aviso-legal\/","url":"https:\/\/esteticaolgaguasch.com\/es\/aviso-legal\/","name":"Aviso Legal - Est\u00e9tica Olga Guasch","isPartOf":{"@id":"https:\/\/esteticaolgaguasch.com\/es\/#website"},"datePublished":"2023-03-21T07:48:50+00:00","dateModified":"2023-03-23T17:37:03+00:00","breadcrumb":{"@id":"https:\/\/esteticaolgaguasch.com\/es\/aviso-legal\/#breadcrumb"},"inLanguage":"es","potentialAction":[{"@type":"ReadAction","target":["https:\/\/esteticaolgaguasch.com\/es\/aviso-legal\/"]}]},{"@type":"BreadcrumbList","@id":"https:\/\/esteticaolgaguasch.com\/es\/aviso-legal\/#breadcrumb","itemListElement":[{"@type":"ListItem","position":1,"name":"Home","item":"https:\/\/esteticaolgaguasch.com\/es\/"},{"@type":"ListItem","position":2,"name":"Aviso Legal"}]},{"@type":"WebSite","@id":"https:\/\/esteticaolgaguasch.com\/es\/#website","url":"https:\/\/esteticaolgaguasch.com\/es\/","name":"Est\u00e9tica Olga Guasch","description":"Centro de Est\u00e9tica en Vilafranca","publisher":{"@id":"https:\/\/esteticaolgaguasch.com\/es\/#organization"},"potentialAction":[{"@type":"SearchAction","target":{"@type":"EntryPoint","urlTemplate":"https:\/\/esteticaolgaguasch.com\/es\/?s={search_term_string}"},"query-input":"required name=search_term_string"}],"inLanguage":"es"},{"@type":"Organization","@id":"https:\/\/esteticaolgaguasch.com\/es\/#organization","name":"Est\u00e9tica Olga Guasch","url":"https:\/\/esteticaolgaguasch.com\/es\/","logo":{"@type":"ImageObject","inLanguage":"es","@id":"https:\/\/esteticaolgaguasch.com\/es\/#\/schema\/logo\/image\/","url":"https:\/\/esteticaolgaguasch.com\/wp-content\/uploads\/2023\/02\/cropped-olga-logo.png","contentUrl":"https:\/\/esteticaolgaguasch.com\/wp-content\/uploads\/2023\/02\/cropped-olga-logo.png","width":1252,"height":1135,"caption":"Est\u00e9tica Olga Guasch"},"image":{"@id":"https:\/\/esteticaolgaguasch.com\/es\/#\/schema\/logo\/image\/"}}]}},"_links":{"self":[{"href":"https:\/\/esteticaolgaguasch.com\/es\/wp-json\/wp\/v2\/pages\/2631","targetHints":{"allow":["GET"]}}],"collection":[{"href":"https:\/\/esteticaolgaguasch.com\/es\/wp-json\/wp\/v2\/pages"}],"about":[{"href":"https:\/\/esteticaolgaguasch.com\/es\/wp-json\/wp\/v2\/types\/page"}],"author":[{"embeddable":true,"href":"https:\/\/esteticaolgaguasch.com\/es\/wp-json\/wp\/v2\/users\/5"}],"replies":[{"embeddable":true,"href":"https:\/\/esteticaolgaguasch.com\/es\/wp-json\/wp\/v2\/comments?post=2631"}],"version-history":[{"count":4,"href":"https:\/\/esteticaolgaguasch.com\/es\/wp-json\/wp\/v2\/pages\/2631\/revisions"}],"predecessor-version":[{"id":2992,"href":"https:\/\/esteticaolgaguasch.com\/es\/wp-json\/wp\/v2\/pages\/2631\/revisions\/2992"}],"wp:attachment":[{"href":"https:\/\/esteticaolgaguasch.com\/es\/wp-json\/wp\/v2\/media?parent=2631"}],"wp:term":[{"taxonomy":"folder","embeddable":true,"href":"https:\/\/esteticaolgaguasch.com\/es\/wp-json\/wp\/v2\/folder?post=2631"}],"curies":[{"name":"wp","href":"https:\/\/api.w.org\/{rel}","templated":true}]}}